{"id":7707,"date":"2022-06-29T11:36:02","date_gmt":"2022-06-29T11:36:02","guid":{"rendered":"https:\/\/a16sa.com\/?post_type=product&#038;p=7707"},"modified":"2026-03-12T02:39:54","modified_gmt":"2026-03-12T02:39:54","slug":"blend-de-terroirs-malbec","status":"publish","type":"product","link":"https:\/\/a16sa.com\/en\/product\/blend-de-terroirs-malbec\/","title":{"rendered":"Civit 757 Blend de Terroirs Malbec x 6"},"content":{"rendered":"<p><span style=\"font-weight: 400;\">De procedencias distantes, Luj\u00e1n de Cuyo y Valle de Uco, se unen los mejores terroirs de Argentina en \u00fanico contraste y entrelazan sus m\u00e1s francas bondades: fruta y acidez; equilibrio y elegancia; estructura y robustez.<\/span><\/p>","protected":false},"excerpt":{"rendered":"<p>De procedencias distantes, Luj\u00e1n de Cuyo y Valle de Uco, se unen los mejores terroirs de Argentina en \u00fanico contraste y entrelazan sus m\u00e1s francas bondades: fruta y acidez; equilibrio y elegancia; estructura y robustez.<\/p>","protected":false},"featured_media":7614,"template":"","meta":{"_wp_convertkit_post_meta":{"form":"-1","landing_page":"","tag":"0","restrict_content":"0"}},"product_brand":[],"product_cat":[32],"product_tag":[81],"class_list":{"0":"post-7707","1":"product","2":"type-product","3":"status-publish","4":"has-post-thumbnail","6":"product_cat-civit-757","7":"product_tag-malbec","9":"first","10":"instock","11":"shipping-taxable","12":"purchasable","13":"product-type-simple"},"_links":{"self":[{"href":"https:\/\/a16sa.com\/en\/wp-json\/wp\/v2\/product\/7707","targetHints":{"allow":["GET"]}}],"collection":[{"href":"https:\/\/a16sa.com\/en\/wp-json\/wp\/v2\/product"}],"about":[{"href":"https:\/\/a16sa.com\/en\/wp-json\/wp\/v2\/types\/product"}],"wp:featuredmedia":[{"embeddable":true,"href":"https:\/\/a16sa.com\/en\/wp-json\/wp\/v2\/media\/7614"}],"wp:attachment":[{"href":"https:\/\/a16sa.com\/en\/wp-json\/wp\/v2\/media?parent=7707"}],"wp:term":[{"taxonomy":"product_brand","embeddable":true,"href":"https:\/\/a16sa.com\/en\/wp-json\/wp\/v2\/product_brand?post=7707"},{"taxonomy":"product_cat","embeddable":true,"href":"https:\/\/a16sa.com\/en\/wp-json\/wp\/v2\/product_cat?post=7707"},{"taxonomy":"product_tag","embeddable":true,"href":"https:\/\/a16sa.com\/en\/wp-json\/wp\/v2\/product_tag?post=7707"}],"curies":[{"name":"wp","href":"https:\/\/api.w.org\/{rel}","templated":true}]}}