{"id":7697,"date":"2022-06-29T11:26:46","date_gmt":"2022-06-29T11:26:46","guid":{"rendered":"https:\/\/a16sa.com\/?post_type=product&#038;p=7697"},"modified":"2026-04-06T13:45:44","modified_gmt":"2026-04-06T13:45:44","slug":"punto-ar-nuit-petit-verdot","status":"publish","type":"product","link":"https:\/\/a16sa.com\/en\/product\/punto-ar-nuit-petit-verdot\/","title":{"rendered":"Punto Ar Nuit Petit Verdot x 6"},"content":{"rendered":"<p><i><span style=\"font-weight: 400;\">Punto Ar<\/span><\/i><span style=\"font-weight: 400;\"> es un vino franco y jugoso que te invita a redescubrir los sentidos a trav\u00e9s de <\/span><i><span style=\"font-weight: 400;\">Nuit <\/span><\/i><span style=\"font-weight: 400;\">con toda la magia de una cosecha nocturna. Esta l\u00ednea proviene de nuestros vi\u00f1edos ubicados en Perdriel, Luj\u00e1n de Cuyo. Sin dudas el mejor terroir de Argentina gracias a su suelo, agua, clima y gente.<\/span><\/p>","protected":false},"excerpt":{"rendered":"<p>Its dark red colour is filled with deep hints. On the nose, we can find aromas such as dark chocolate and different sweet spices such as cinnamon, cardamom and paprika. In the mouth, it is a smooth, complex and enveloping wine with an aftertaste with hints of cocoa and medium tannins.<\/p>","protected":false},"featured_media":7594,"template":"","meta":{"_wp_convertkit_post_meta":{"form":"-1","landing_page":"","tag":"0","restrict_content":"0"}},"product_brand":[265],"product_cat":[31],"product_tag":[86],"class_list":{"0":"post-7697","1":"product","2":"type-product","3":"status-publish","4":"has-post-thumbnail","6":"product_brand-punto-ar","7":"product_cat-punto-ar","8":"product_tag-petit-verdot","10":"first","11":"instock","12":"shipping-taxable","13":"purchasable","14":"product-type-simple"},"_links":{"self":[{"href":"https:\/\/a16sa.com\/en\/wp-json\/wp\/v2\/product\/7697","targetHints":{"allow":["GET"]}}],"collection":[{"href":"https:\/\/a16sa.com\/en\/wp-json\/wp\/v2\/product"}],"about":[{"href":"https:\/\/a16sa.com\/en\/wp-json\/wp\/v2\/types\/product"}],"wp:featuredmedia":[{"embeddable":true,"href":"https:\/\/a16sa.com\/en\/wp-json\/wp\/v2\/media\/7594"}],"wp:attachment":[{"href":"https:\/\/a16sa.com\/en\/wp-json\/wp\/v2\/media?parent=7697"}],"wp:term":[{"taxonomy":"product_brand","embeddable":true,"href":"https:\/\/a16sa.com\/en\/wp-json\/wp\/v2\/product_brand?post=7697"},{"taxonomy":"product_cat","embeddable":true,"href":"https:\/\/a16sa.com\/en\/wp-json\/wp\/v2\/product_cat?post=7697"},{"taxonomy":"product_tag","embeddable":true,"href":"https:\/\/a16sa.com\/en\/wp-json\/wp\/v2\/product_tag?post=7697"}],"curies":[{"name":"wp","href":"https:\/\/api.w.org\/{rel}","templated":true}]}}