{"id":7692,"date":"2022-06-29T11:20:18","date_gmt":"2022-06-29T11:20:18","guid":{"rendered":"https:\/\/a16sa.com\/?post_type=product&#038;p=7692"},"modified":"2026-04-08T12:53:40","modified_gmt":"2026-04-08T12:53:40","slug":"punto-ar-soleil-sauvignon-blanc","status":"publish","type":"product","link":"https:\/\/a16sa.com\/en\/product\/punto-ar-soleil-sauvignon-blanc\/","title":{"rendered":"Punto Ar Soleil Sauvignon Blanc x 6"},"content":{"rendered":"<p><i><span style=\"font-weight: 400;\">Punto Ar<\/span><\/i><span style=\"font-weight: 400;\"> es un vino franco y jugoso que te invita a redescubrir los sentidos a trav\u00e9s de <\/span><i><span style=\"font-weight: 400;\">Soleil <\/span><\/i><span style=\"font-weight: 400;\">gracias a su cosecha diurna. Esta l\u00ednea proviene de nuestros vi\u00f1edos ubicados en Perdriel, Luj\u00e1n de Cuyo. Sin dudas el mejor terroir de Argentina gracias a su suelo, agua, clima y gente.<\/span><\/p>","protected":false},"excerpt":{"rendered":"<p>Punto Ar es un vino franco y jugoso que te invita a redescubrir los sentidos a trav\u00e9s de Soleil gracias a su cosecha diurna. Esta l\u00ednea proviene de nuestros vi\u00f1edos ubicados en Perdriel, Luj\u00e1n de Cuyo. Sin dudas el mejor terroir de Argentina gracias a su suelo, agua, clima y gente.<\/p>","protected":false},"featured_media":7584,"template":"","meta":{"_wp_convertkit_post_meta":{"form":"-1","landing_page":"","tag":"0","restrict_content":"0"}},"product_brand":[],"product_cat":[31],"product_tag":[285,91],"class_list":{"0":"post-7692","1":"product","2":"type-product","3":"status-publish","4":"has-post-thumbnail","6":"product_cat-punto-ar","7":"product_tag-bonificacion-20","8":"product_tag-sauvignon-blanc","10":"first","11":"instock","12":"shipping-taxable","13":"purchasable","14":"product-type-simple"},"_links":{"self":[{"href":"https:\/\/a16sa.com\/en\/wp-json\/wp\/v2\/product\/7692","targetHints":{"allow":["GET"]}}],"collection":[{"href":"https:\/\/a16sa.com\/en\/wp-json\/wp\/v2\/product"}],"about":[{"href":"https:\/\/a16sa.com\/en\/wp-json\/wp\/v2\/types\/product"}],"wp:featuredmedia":[{"embeddable":true,"href":"https:\/\/a16sa.com\/en\/wp-json\/wp\/v2\/media\/7584"}],"wp:attachment":[{"href":"https:\/\/a16sa.com\/en\/wp-json\/wp\/v2\/media?parent=7692"}],"wp:term":[{"taxonomy":"product_brand","embeddable":true,"href":"https:\/\/a16sa.com\/en\/wp-json\/wp\/v2\/product_brand?post=7692"},{"taxonomy":"product_cat","embeddable":true,"href":"https:\/\/a16sa.com\/en\/wp-json\/wp\/v2\/product_cat?post=7692"},{"taxonomy":"product_tag","embeddable":true,"href":"https:\/\/a16sa.com\/en\/wp-json\/wp\/v2\/product_tag?post=7692"}],"curies":[{"name":"wp","href":"https:\/\/api.w.org\/{rel}","templated":true}]}}