{"id":7690,"date":"2022-06-29T11:12:25","date_gmt":"2022-06-29T11:12:25","guid":{"rendered":"https:\/\/a16sa.com\/?post_type=product&#038;p=7690"},"modified":"2026-03-03T13:47:10","modified_gmt":"2026-03-03T13:47:10","slug":"auge-malbec-rose-dulce-natural","status":"publish","type":"product","link":"https:\/\/a16sa.com\/en\/product\/auge-malbec-rose-dulce-natural\/","title":{"rendered":"Auge Malbec Ros\u00e9 Dulce Natural x 6"},"content":{"rendered":"<p><i><span style=\"font-weight: 400;\">Auge<\/span><\/i><span style=\"font-weight: 400;\"> es una b\u00fasqueda de la m\u00e1xima expresi\u00f3n del terroir de Luj\u00e1n de Cuyo. Nuestro en\u00f3logo selecciona personalmente las uvas que m\u00e1s tarde le dan vida a esta magn\u00edfica l\u00ednea.<\/span><\/p>","protected":false},"excerpt":{"rendered":"<p>Its pinkish hue blends into salmon-coloured wine. A fruity and fresh explosion on the nose highlights the aroma such as peach, apple and delicate notes of roses. Its delicious sweet entry in the mouth combines perfectly with the acidity. It has a fruity and persistent finish.<\/p>","protected":false},"featured_media":7579,"template":"","meta":{"_wp_convertkit_post_meta":{"form":"-1","landing_page":"","tag":"0","restrict_content":"0"}},"product_brand":[262],"product_cat":[30],"product_tag":[251],"class_list":{"0":"post-7690","1":"product","2":"type-product","3":"status-publish","4":"has-post-thumbnail","6":"product_brand-auge","7":"product_cat-auge","8":"product_tag-malbec-rose","10":"first","11":"instock","12":"shipping-taxable","13":"purchasable","14":"product-type-simple"},"_links":{"self":[{"href":"https:\/\/a16sa.com\/en\/wp-json\/wp\/v2\/product\/7690","targetHints":{"allow":["GET"]}}],"collection":[{"href":"https:\/\/a16sa.com\/en\/wp-json\/wp\/v2\/product"}],"about":[{"href":"https:\/\/a16sa.com\/en\/wp-json\/wp\/v2\/types\/product"}],"wp:featuredmedia":[{"embeddable":true,"href":"https:\/\/a16sa.com\/en\/wp-json\/wp\/v2\/media\/7579"}],"wp:attachment":[{"href":"https:\/\/a16sa.com\/en\/wp-json\/wp\/v2\/media?parent=7690"}],"wp:term":[{"taxonomy":"product_brand","embeddable":true,"href":"https:\/\/a16sa.com\/en\/wp-json\/wp\/v2\/product_brand?post=7690"},{"taxonomy":"product_cat","embeddable":true,"href":"https:\/\/a16sa.com\/en\/wp-json\/wp\/v2\/product_cat?post=7690"},{"taxonomy":"product_tag","embeddable":true,"href":"https:\/\/a16sa.com\/en\/wp-json\/wp\/v2\/product_tag?post=7690"}],"curies":[{"name":"wp","href":"https:\/\/api.w.org\/{rel}","templated":true}]}}