{"id":7686,"date":"2022-06-29T00:53:12","date_gmt":"2022-06-29T00:53:12","guid":{"rendered":"https:\/\/a16sa.com\/?post_type=product&#038;p=7686"},"modified":"2026-03-12T02:37:47","modified_gmt":"2026-03-12T02:37:47","slug":"apogeo-malbec","status":"publish","type":"product","link":"https:\/\/a16sa.com\/en\/product\/apogeo-malbec\/","title":{"rendered":"Apogeo Malbec x 6"},"content":{"rendered":"<p><span style=\"font-weight: 400;\">Vino intenso y concentrado, criado pacientemente en barricas de roble franc\u00e9s. Nuestra versi\u00f3n del Malbec Argentino produce un \u00e9xtasis inevitable en quien lo consume.<\/span><\/p>\n<p><img loading=\"lazy\" decoding=\"async\" class=\"aligncenter wp-image-163 size-full\" src=\"https:\/\/a16sa.com\/wp-content\/uploads\/2024\/09\/protector_malbec_descripcion.png\" alt=\"\" width=\"1419\" height=\"777\" srcset=\"https:\/\/a16sa.com\/wp-content\/uploads\/2024\/09\/protector_malbec_descripcion.png 1419w, https:\/\/a16sa.com\/wp-content\/uploads\/2024\/09\/protector_malbec_descripcion-300x164.png 300w, https:\/\/a16sa.com\/wp-content\/uploads\/2024\/09\/protector_malbec_descripcion-1024x561.png 1024w, https:\/\/a16sa.com\/wp-content\/uploads\/2024\/09\/protector_malbec_descripcion-768x421.png 768w, https:\/\/a16sa.com\/wp-content\/uploads\/2024\/09\/protector_malbec_descripcion-1080x591.png 1080w, https:\/\/a16sa.com\/wp-content\/uploads\/2024\/09\/protector_malbec_descripcion-1280x701.png 1280w, https:\/\/a16sa.com\/wp-content\/uploads\/2024\/09\/protector_malbec_descripcion-980x537.png 980w, https:\/\/a16sa.com\/wp-content\/uploads\/2024\/09\/protector_malbec_descripcion-480x263.png 480w, https:\/\/a16sa.com\/wp-content\/uploads\/2024\/09\/protector_malbec_descripcion-600x329.png 600w\" sizes=\"auto, (max-width: 1419px) 100vw, 1419px\" \/><\/p>\n<p><img loading=\"lazy\" decoding=\"async\" class=\"aligncenter wp-image-160 size-full\" src=\"https:\/\/a16sa.com\/wp-content\/uploads\/2024\/09\/Group-1000004267.png\" alt=\"\" width=\"1436\" height=\"566\" srcset=\"https:\/\/a16sa.com\/wp-content\/uploads\/2024\/09\/Group-1000004267.png 1436w, https:\/\/a16sa.com\/wp-content\/uploads\/2024\/09\/Group-1000004267-300x118.png 300w, https:\/\/a16sa.com\/wp-content\/uploads\/2024\/09\/Group-1000004267-1024x404.png 1024w, https:\/\/a16sa.com\/wp-content\/uploads\/2024\/09\/Group-1000004267-768x303.png 768w, https:\/\/a16sa.com\/wp-content\/uploads\/2024\/09\/Group-1000004267-1080x426.png 1080w, https:\/\/a16sa.com\/wp-content\/uploads\/2024\/09\/Group-1000004267-1280x505.png 1280w, https:\/\/a16sa.com\/wp-content\/uploads\/2024\/09\/Group-1000004267-980x386.png 980w, https:\/\/a16sa.com\/wp-content\/uploads\/2024\/09\/Group-1000004267-480x189.png 480w, https:\/\/a16sa.com\/wp-content\/uploads\/2024\/09\/Group-1000004267-600x236.png 600w\" sizes=\"auto, (max-width: 1436px) 100vw, 1436px\" \/><\/p>","protected":false},"excerpt":{"rendered":"<p>A deep, impetuous red colour is observed. On the nose, it has spicy notes with a sublime chocolate aromas that reflect its aging in oak vessels. Those areomas are harmoniously complemented by ripe fruits such as plums and blackberries. On the palate, it is well- structured wine with firm tannins and a persistent finish.<\/p>","protected":false},"featured_media":13150,"template":"","meta":{"_wp_convertkit_post_meta":{"form":"-1","landing_page":"","tag":"0","restrict_content":"0"}},"product_brand":[],"product_cat":[29],"product_tag":[81],"class_list":{"0":"post-7686","1":"product","2":"type-product","3":"status-publish","4":"has-post-thumbnail","6":"product_cat-apogeo","7":"product_tag-malbec","9":"first","10":"instock","11":"shipping-taxable","12":"purchasable","13":"product-type-simple"},"_links":{"self":[{"href":"https:\/\/a16sa.com\/en\/wp-json\/wp\/v2\/product\/7686","targetHints":{"allow":["GET"]}}],"collection":[{"href":"https:\/\/a16sa.com\/en\/wp-json\/wp\/v2\/product"}],"about":[{"href":"https:\/\/a16sa.com\/en\/wp-json\/wp\/v2\/types\/product"}],"wp:featuredmedia":[{"embeddable":true,"href":"https:\/\/a16sa.com\/en\/wp-json\/wp\/v2\/media\/13150"}],"wp:attachment":[{"href":"https:\/\/a16sa.com\/en\/wp-json\/wp\/v2\/media?parent=7686"}],"wp:term":[{"taxonomy":"product_brand","embeddable":true,"href":"https:\/\/a16sa.com\/en\/wp-json\/wp\/v2\/product_brand?post=7686"},{"taxonomy":"product_cat","embeddable":true,"href":"https:\/\/a16sa.com\/en\/wp-json\/wp\/v2\/product_cat?post=7686"},{"taxonomy":"product_tag","embeddable":true,"href":"https:\/\/a16sa.com\/en\/wp-json\/wp\/v2\/product_tag?post=7686"}],"curies":[{"name":"wp","href":"https:\/\/api.w.org\/{rel}","templated":true}]}}