{"id":9383,"date":"2024-09-05T15:01:46","date_gmt":"2024-09-05T15:01:46","guid":{"rendered":"https:\/\/nicotrenta.com\/a16\/?page_id=34"},"modified":"2025-09-30T15:06:59","modified_gmt":"2025-09-30T15:06:59","slug":"nosotros","status":"publish","type":"page","link":"https:\/\/a16sa.com\/en\/nosotros\/","title":{"rendered":"About"},"content":{"rendered":"<div class=\"wp-block-group alignfull has-accent-5-background-color has-background has-global-padding is-layout-constrained wp-block-group-is-layout-constrained\" style=\"padding-top:var(--wp--preset--spacing--70);padding-bottom:var(--wp--preset--spacing--70)\">\n<div class=\"wp-block-columns is-layout-flex wp-container-core-columns-is-layout-28f84493 wp-block-columns-is-layout-flex\">\n<div class=\"wp-block-column is-layout-flow wp-container-core-column-is-layout-f5bb311e wp-block-column-is-layout-flow\">\n<p class=\"has-recoleta-font-family has-medium-font-size\" style=\"font-style:normal;font-weight:700\">Passion for wine<\/p>\n\n\n\n<h2 class=\"wp-block-heading has-accent-1-color has-text-color has-link-color has-xx-large-font-size wp-elements-91f8be18a9c607ab4ae5d6a7ed8a0541\" style=\"font-style:normal;font-weight:400\">Our History<\/h2>\n\n\n\n<p class=\"has-text-color has-link-color has-large-font-size wp-elements-339b3653d212160cebb45e71b477511f\" style=\"color:#666666;line-height:1.6\">A16 Winery was established as a winemaking project in 2007 by Gerardo Cartellone, who decided to start his winery following the steps of his ancestors. It all began with his Sicilian great-grandfather, who made his wines back then. Then followed his grandfather, who migrated to Argentina and built some of the great wineries in the province. Later, his father continued to work in the wine industry. Gerardo today keeps his heritage and the family\u2019s love for wine alive.<\/p>\n\n\n\n<div class=\"wp-block-buttons is-layout-flex wp-block-buttons-is-layout-flex\">\n<div class=\"wp-block-button\"><a class=\"wp-block-button__link wp-element-button\" href=\"https:\/\/a16sa.com\/en\/vinos\/\">Learn more<\/a><\/div>\n<\/div>\n<\/div>\n\n\n\n<div class=\"wp-block-column is-layout-flow wp-block-column-is-layout-flow\">\n<figure class=\"wp-block-image size-full has-custom-border\"><img loading=\"lazy\" decoding=\"async\" width=\"600\" height=\"447\" src=\"https:\/\/a16sa.com\/wp-content\/uploads\/2024\/09\/nosotros_centro.jpg\" alt=\"\" class=\"wp-image-9348\" style=\"border-radius:19px\" srcset=\"https:\/\/a16sa.com\/wp-content\/uploads\/2024\/09\/nosotros_centro.jpg 600w, https:\/\/a16sa.com\/wp-content\/uploads\/2024\/09\/nosotros_centro-300x224.jpg 300w, https:\/\/a16sa.com\/wp-content\/uploads\/2024\/09\/nosotros_centro-480x358.jpg 480w\" sizes=\"auto, (max-width: 600px) 100vw, 600px\" \/><\/figure>\n<\/div>\n<\/div>\n<\/div>\n\n\n\n<div class=\"wp-block-group alignfull has-base-color has-accent-4-background-color has-text-color has-background has-link-color wp-elements-5ca24968683a5e37212f710fb79cdaf2 has-global-padding is-layout-constrained wp-block-group-is-layout-constrained\" style=\"padding-top:var(--wp--preset--spacing--60);padding-bottom:var(--wp--preset--spacing--60)\">\n<div class=\"wp-block-group has-global-padding is-layout-constrained wp-container-core-group-is-layout-d3543a3b wp-block-group-is-layout-constrained\">\n<div class=\"wp-block-group has-global-padding is-layout-constrained wp-container-core-group-is-layout-5f7ff230 wp-block-group-is-layout-constrained\">\n<h3 class=\"wp-block-heading has-text-align-center has-accent-1-color has-text-color has-link-color has-x-large-font-size wp-elements-b2d130d33eba28fcda3840e38ef606bc\" style=\"text-transform:uppercase\">Our Team<\/h3>\n\n\n\n<p class=\"has-text-align-center has-large-font-size\">We are always looking for constant innovation, growth, care for quality and the artisan spirit of our wines.<\/p>\n<\/div>\n\n\n\n<div class=\"wp-block-group is-layout-grid wp-container-core-group-is-layout-b4ef3610 wp-block-group-is-layout-grid\">\n<div class=\"wp-block-group has-global-padding is-layout-constrained wp-container-core-group-is-layout-e0082cf6 wp-block-group-is-layout-constrained\">\n<figure class=\"wp-block-image size-full is-resized\"><img loading=\"lazy\" decoding=\"async\" width=\"360\" height=\"337\" src=\"https:\/\/a16sa.com\/wp-content\/uploads\/2024\/09\/image-24.png\" alt=\"\" class=\"wp-image-113\" style=\"width:260px\" srcset=\"https:\/\/a16sa.com\/wp-content\/uploads\/2024\/09\/image-24.png 360w, https:\/\/a16sa.com\/wp-content\/uploads\/2024\/09\/image-24-300x281.png 300w\" sizes=\"auto, (max-width: 360px) 100vw, 360px\" \/><\/figure>\n\n\n\n<h4 class=\"wp-block-heading has-large-font-size\">Gerardo Cartellone<\/h4>\n\n\n\n<p>Founder<\/p>\n<\/div>\n\n\n\n<div class=\"wp-block-group has-global-padding is-layout-constrained wp-container-core-group-is-layout-3e11c9cf wp-block-group-is-layout-constrained\" style=\"margin-top:0;margin-bottom:0\">\n<figure class=\"wp-block-image size-full is-resized\"><img loading=\"lazy\" decoding=\"async\" width=\"366\" height=\"337\" src=\"https:\/\/a16sa.com\/wp-content\/uploads\/2024\/09\/image-25.png\" alt=\"\" class=\"wp-image-9357\" style=\"width:260px\" srcset=\"https:\/\/a16sa.com\/wp-content\/uploads\/2024\/09\/image-25.png 366w, https:\/\/a16sa.com\/wp-content\/uploads\/2024\/09\/image-25-300x276.png 300w\" sizes=\"auto, (max-width: 366px) 100vw, 366px\" \/><\/figure>\n\n\n\n<h4 class=\"wp-block-heading has-large-font-size\">Jos\u00e9 Salcedo<\/h4>\n\n\n\n<p>CEO<\/p>\n<\/div>\n\n\n\n<div class=\"wp-block-group has-global-padding is-layout-constrained wp-container-core-group-is-layout-e0082cf6 wp-block-group-is-layout-constrained\">\n<figure class=\"wp-block-image size-full is-resized has-custom-border\"><img loading=\"lazy\" decoding=\"async\" width=\"300\" height=\"300\" src=\"https:\/\/a16sa.com\/wp-content\/uploads\/2025\/04\/Natali-Sevilla.jpg\" alt=\"\" class=\"wp-image-10189\" style=\"border-radius:20px;width:240px\" srcset=\"https:\/\/a16sa.com\/wp-content\/uploads\/2025\/04\/Natali-Sevilla.jpg 300w, https:\/\/a16sa.com\/wp-content\/uploads\/2025\/04\/Natali-Sevilla-150x150.jpg 150w, https:\/\/a16sa.com\/wp-content\/uploads\/2025\/04\/Natali-Sevilla-100x100.jpg 100w\" sizes=\"auto, (max-width: 300px) 100vw, 300px\" \/><\/figure>\n\n\n\n<h4 class=\"wp-block-heading has-large-font-size\">Natal\u00ed Sevilla<\/h4>\n\n\n\n<p>Agronomist<\/p>\n<\/div>\n\n\n\n<div class=\"wp-block-group has-global-padding is-layout-constrained wp-container-core-group-is-layout-e0082cf6 wp-block-group-is-layout-constrained\">\n<figure class=\"wp-block-image size-full is-resized has-custom-border\"><img loading=\"lazy\" decoding=\"async\" width=\"300\" height=\"300\" src=\"https:\/\/a16sa.com\/wp-content\/uploads\/2025\/04\/Julia-Rodriguez.jpg\" alt=\"\" class=\"wp-image-10190\" style=\"border-radius:20px;width:250px\" srcset=\"https:\/\/a16sa.com\/wp-content\/uploads\/2025\/04\/Julia-Rodriguez.jpg 300w, https:\/\/a16sa.com\/wp-content\/uploads\/2025\/04\/Julia-Rodriguez-150x150.jpg 150w, https:\/\/a16sa.com\/wp-content\/uploads\/2025\/04\/Julia-Rodriguez-100x100.jpg 100w\" sizes=\"auto, (max-width: 300px) 100vw, 300px\" \/><\/figure>\n\n\n\n<h4 class=\"wp-block-heading has-large-font-size\">Julia Rodriguez<\/h4>\n\n\n\n<p>Winemaker<\/p>\n<\/div>\n<\/div>\n<\/div>\n<\/div>\n\n\n\n<div class=\"wp-block-group alignfull has-global-padding is-layout-constrained wp-block-group-is-layout-constrained\" style=\"padding-top:var(--wp--preset--spacing--60);padding-bottom:var(--wp--preset--spacing--60)\">\n<div class=\"wp-block-group is-layout-flow wp-container-core-group-is-layout-15ea44a4 wp-block-group-is-layout-flow\">\n<div class=\"wp-block-group has-global-padding is-layout-constrained wp-container-core-group-is-layout-80b6e228 wp-block-group-is-layout-constrained\">\n<h3 class=\"wp-block-heading has-text-align-center has-x-large-font-size\" style=\"text-transform:uppercase\">Filosophy<\/h3>\n\n\n\n<p class=\"has-text-align-center has-medium-font-size\">Somos una bodega boutique familiar que une y transmite nuestras grandes pasiones: el amor por el arte y la vitivinicultura. Creemos que cada una de nuestras botellas cuenta una historia \u00fanica, una historia que se completa cuando viv\u00eds la experiencia de descorchar nuestros vinos y recorrer los rincones de A16. Nuestro compromiso es ofrecer m\u00e1s que un vino; queremos que cada copa se convierta en un momento especial que siempre te invite a regresar y conectar con lo que hacemos con tanto amor.<br><\/p>\n<\/div>\n\n\n\n<div class=\"wp-block-columns is-layout-flex wp-container-core-columns-is-layout-28f84493 wp-block-columns-is-layout-flex\">\n<div class=\"wp-block-column is-layout-flow wp-block-column-is-layout-flow\" style=\"flex-basis:33.34%\">\n<div class=\"wp-block-group has-global-padding is-layout-constrained wp-container-core-group-is-layout-92b9201d wp-block-group-is-layout-constrained\">\n<figure class=\"wp-block-image aligncenter size-full is-resized\" style=\"margin-top:var(--wp--preset--spacing--40)\"><img loading=\"lazy\" decoding=\"async\" width=\"154\" height=\"198\" src=\"https:\/\/a16sa.com\/wp-content\/uploads\/2024\/09\/compromiso.png\" alt=\"\" class=\"wp-image-9361\" style=\"width:154px\"\/><\/figure>\n\n\n\n<h4 class=\"wp-block-heading has-text-align-center has-text-color has-link-color has-large-font-size wp-elements-289332d1e991fa7009165b02303c193b\" style=\"color:#cc9933;text-transform:uppercase\">Values<\/h4>\n\n\n\n<p class=\"has-text-align-center has-accent-4-color has-text-color has-link-color has-medium-font-size wp-elements-55a46e4ddfaa246012c720189edcd6f9\">We deeply value the effort and passion of our team, recognizing that each bottle of wine is the result of a joint effort.<br><\/p>\n<\/div>\n<\/div>\n\n\n\n<div class=\"wp-block-column is-layout-flow wp-block-column-is-layout-flow\" style=\"flex-basis:33.34%\">\n<div class=\"wp-block-group has-global-padding is-layout-constrained wp-container-core-group-is-layout-92b9201d wp-block-group-is-layout-constrained\">\n<figure class=\"wp-block-image aligncenter size-full is-resized\"><img loading=\"lazy\" decoding=\"async\" width=\"154\" height=\"226\" src=\"https:\/\/a16sa.com\/wp-content\/uploads\/2024\/09\/sustentabilidad.png\" alt=\"\" class=\"wp-image-9359\" style=\"width:154px\"\/><\/figure>\n\n\n\n<h4 class=\"wp-block-heading has-text-align-center has-text-color has-link-color has-large-font-size wp-elements-ccb3b7bd18bcd64848662f7287fbf18a\" style=\"color:#738f41;text-transform:uppercase\">Sustainability<\/h4>\n\n\n\n<p class=\"has-text-align-center has-accent-4-color has-text-color has-link-color has-medium-font-size wp-elements-8bcc059982daa778c56be01611785673\">Advanced drip irrigation techniques permit an efficient and careful irrigation, minimizing waste of water and ensuring that every drop is used to its full potential. Our philosophy focuses on organic agriculture, avoiding the use of pesticides and chemical fertilizers, protecting the environment and improving the quality of our grapes and wines.<br><\/p>\n<\/div>\n<\/div>\n\n\n\n<div class=\"wp-block-column is-layout-flow wp-block-column-is-layout-flow\" style=\"flex-basis:33.33%\">\n<div class=\"wp-block-group has-global-padding is-layout-constrained wp-container-core-group-is-layout-92b9201d wp-block-group-is-layout-constrained\">\n<figure class=\"wp-block-image aligncenter size-full is-resized\" style=\"margin-top:var(--wp--preset--spacing--40)\"><img loading=\"lazy\" decoding=\"async\" width=\"154\" height=\"198\" src=\"https:\/\/a16sa.com\/wp-content\/uploads\/2024\/09\/compromiso.png\" alt=\"\" class=\"wp-image-9361\" style=\"width:154px\"\/><\/figure>\n\n\n\n<h4 class=\"wp-block-heading has-text-align-center has-text-color has-link-color has-large-font-size wp-elements-f0d500de5e20e5a2a9322cb6626b9ecd\" style=\"color:#ef5941;text-transform:uppercase\">Commitment<\/h4>\n\n\n\n<p class=\"has-text-align-center has-accent-4-color has-text-color has-link-color has-medium-font-size wp-elements-c6b581154a91f0aad2f5199d36b13839\">Every detail is meticulously taken care of to ensure the excellence of our wines during the production process. From the selection of the best grapes to the recognition of the valuable work of our human resources, at A16 we believe that quality is born from respect and dedication.<br><\/p>\n<\/div>\n<\/div>\n<\/div>\n<\/div>\n<\/div>\n\n\n\n<div class=\"wp-block-group alignfull has-accent-5-background-color has-background has-global-padding is-layout-constrained wp-block-group-is-layout-constrained\" style=\"padding-top:var(--wp--preset--spacing--60);padding-bottom:var(--wp--preset--spacing--60)\">\n<div class=\"wp-block-group is-layout-flow wp-container-core-group-is-layout-15ea44a4 wp-block-group-is-layout-flow\">\n<h3 class=\"wp-block-heading has-text-align-left has-accent-1-color has-text-color has-link-color has-large-font-size wp-elements-df8500722027f932f7aece8cad23acaf\" style=\"font-style:normal;font-weight:400;text-transform:uppercase\">Certifications and participations<\/h3>\n\n\n\n<div class=\"wp-block-columns is-layout-flex wp-container-core-columns-is-layout-28f84493 wp-block-columns-is-layout-flex\">\n<div class=\"wp-block-column is-layout-flow wp-block-column-is-layout-flow\" style=\"flex-basis:25%\">\n<div class=\"wp-block-group has-global-padding is-layout-constrained wp-container-core-group-is-layout-92b9201d wp-block-group-is-layout-constrained\">\n<figure class=\"wp-block-image aligncenter size-full is-resized\" style=\"margin-top:var(--wp--preset--spacing--40)\"><img loading=\"lazy\" decoding=\"async\" width=\"842\" height=\"595\" src=\"https:\/\/a16sa.com\/wp-content\/uploads\/2022\/06\/7.-vino-argentino-bebida-nacional-negro.png\" alt=\"\" class=\"wp-image-43\" style=\"width:210px\" srcset=\"https:\/\/a16sa.com\/wp-content\/uploads\/2022\/06\/7.-vino-argentino-bebida-nacional-negro.png 842w, https:\/\/a16sa.com\/wp-content\/uploads\/2022\/06\/7.-vino-argentino-bebida-nacional-negro-600x424.png 600w, https:\/\/a16sa.com\/wp-content\/uploads\/2022\/06\/7.-vino-argentino-bebida-nacional-negro-300x212.png 300w, https:\/\/a16sa.com\/wp-content\/uploads\/2022\/06\/7.-vino-argentino-bebida-nacional-negro-768x543.png 768w\" sizes=\"auto, (max-width: 842px) 100vw, 842px\" \/><\/figure>\n\n\n\n<p class=\"has-text-align-center has-accent-4-color has-text-color has-link-color has-medium-font-size wp-elements-bbfee027f7cfd41d89c27e7c9a6cd8fe\">As winemakers, we aim to highlight our beverage\u2019s cultural value and its relevant role as part of our national identity.<\/p>\n<\/div>\n<\/div>\n\n\n\n<div class=\"wp-block-column is-layout-flow wp-block-column-is-layout-flow\" style=\"flex-basis:25%\">\n<div class=\"wp-block-group has-global-padding is-layout-constrained wp-container-core-group-is-layout-e0082cf6 wp-block-group-is-layout-constrained\">\n<figure class=\"wp-block-image aligncenter size-full is-resized\" style=\"margin-top:var(--wp--preset--spacing--40)\"><img loading=\"lazy\" decoding=\"async\" width=\"842\" height=\"595\" src=\"https:\/\/a16sa.com\/wp-content\/uploads\/2022\/06\/4.-Vegan.png\" alt=\"\" class=\"wp-image-42\" style=\"width:220px\" srcset=\"https:\/\/a16sa.com\/wp-content\/uploads\/2022\/06\/4.-Vegan.png 842w, https:\/\/a16sa.com\/wp-content\/uploads\/2022\/06\/4.-Vegan-600x424.png 600w, https:\/\/a16sa.com\/wp-content\/uploads\/2022\/06\/4.-Vegan-300x212.png 300w, https:\/\/a16sa.com\/wp-content\/uploads\/2022\/06\/4.-Vegan-768x543.png 768w\" sizes=\"auto, (max-width: 842px) 100vw, 842px\" \/><\/figure>\n\n\n\n<p class=\"has-text-align-center has-accent-4-color has-text-color has-link-color has-medium-font-size wp-elements-eebc956311aa528600a70992051bca37\">A16 is Vegan certified. Each year, the Vegan Argentina association renews our certification after performing an exhaustive analysis of each of our wines. They are produced without any animal products, such as eggs or fish, among others.<\/p>\n<\/div>\n<\/div>\n\n\n\n<div class=\"wp-block-column is-layout-flow wp-block-column-is-layout-flow\" style=\"flex-basis:25%\">\n<div class=\"wp-block-group has-global-padding is-layout-constrained wp-container-core-group-is-layout-e0082cf6 wp-block-group-is-layout-constrained\">\n<figure class=\"wp-block-image aligncenter size-full is-resized\" style=\"margin-top:var(--wp--preset--spacing--40)\"><img loading=\"lazy\" decoding=\"async\" width=\"842\" height=\"595\" src=\"https:\/\/a16sa.com\/wp-content\/uploads\/2022\/06\/6.INV_.png\" alt=\"\" class=\"wp-image-44\" style=\"width:225px\" srcset=\"https:\/\/a16sa.com\/wp-content\/uploads\/2022\/06\/6.INV_.png 842w, https:\/\/a16sa.com\/wp-content\/uploads\/2022\/06\/6.INV_-600x424.png 600w, https:\/\/a16sa.com\/wp-content\/uploads\/2022\/06\/6.INV_-300x212.png 300w, https:\/\/a16sa.com\/wp-content\/uploads\/2022\/06\/6.INV_-768x543.png 768w\" sizes=\"auto, (max-width: 842px) 100vw, 842px\" \/><\/figure>\n\n\n\n<p class=\"has-text-align-center has-accent-4-color has-text-color has-link-color has-medium-font-size wp-elements-c16879b2bd26994af554ff19b4eb7bed\">All our production processes are certified and endorsed by INV, ensuring that all our wines are suitable for consumption.<\/p>\n<\/div>\n<\/div>\n\n\n\n<div class=\"wp-block-column is-layout-flow wp-block-column-is-layout-flow\" style=\"flex-basis:25%\">\n<div class=\"wp-block-group has-global-padding is-layout-constrained wp-container-core-group-is-layout-a4e526f7 wp-block-group-is-layout-constrained\" style=\"padding-top:0;padding-bottom:0\">\n<figure class=\"wp-block-image aligncenter size-full is-resized\" style=\"margin-top:var(--wp--preset--spacing--40)\"><img loading=\"lazy\" decoding=\"async\" width=\"600\" height=\"600\" src=\"https:\/\/a16sa.com\/wp-content\/uploads\/2022\/06\/wofa-brand-black.png\" alt=\"\" class=\"wp-image-45\" style=\"width:170px\" srcset=\"https:\/\/a16sa.com\/wp-content\/uploads\/2022\/06\/wofa-brand-black.png 600w, https:\/\/a16sa.com\/wp-content\/uploads\/2022\/06\/wofa-brand-black-300x300.png 300w, https:\/\/a16sa.com\/wp-content\/uploads\/2022\/06\/wofa-brand-black-100x100.png 100w, https:\/\/a16sa.com\/wp-content\/uploads\/2022\/06\/wofa-brand-black-150x150.png 150w\" sizes=\"auto, (max-width: 600px) 100vw, 600px\" \/><\/figure>\n\n\n\n<p class=\"has-text-align-center has-accent-4-color has-text-color has-link-color has-medium-font-size wp-elements-3d3690dc8f9429d2da271c6ac043c2ef\">We are proud to be an associate winery of WofA and part of one of the most important wine regions in the country: Mendoza. We work jointly with WofA towards the promotion and consolidation of Argentina\u2019s winemaking industry abroad under the Vino Argentino brand.<\/p>\n<\/div>\n<\/div>\n<\/div>\n<\/div>\n<\/div>","protected":false},"excerpt":{"rendered":"<p>AMOR POR EL VINO Nuestra Historia La historia de Bodega A16 es la historia de su fundador, Gerardo Cartellone, un empresario con ra\u00edces italianas y una vida dedicada a la vitivinicultura. Con m\u00e1s de 15 a\u00f1os en la industria, Gerardo decidi\u00f3 crear A16 con el objetivo de cambiar el paradigma de la producci\u00f3n de vinos, [&hellip;]<\/p>\n","protected":false},"author":9,"featured_media":0,"parent":0,"menu_order":0,"comment_status":"closed","ping_status":"closed","template":"","meta":{"_wp_convertkit_post_meta":{"form":"-1","landing_page":"0","tag":"0","restrict_content":"0"},"footnotes":""},"class_list":["post-9383","page","type-page","status-publish","hentry"],"_links":{"self":[{"href":"https:\/\/a16sa.com\/en\/wp-json\/wp\/v2\/pages\/9383","targetHints":{"allow":["GET"]}}],"collection":[{"href":"https:\/\/a16sa.com\/en\/wp-json\/wp\/v2\/pages"}],"about":[{"href":"https:\/\/a16sa.com\/en\/wp-json\/wp\/v2\/types\/page"}],"author":[{"embeddable":true,"href":"https:\/\/a16sa.com\/en\/wp-json\/wp\/v2\/users\/9"}],"replies":[{"embeddable":true,"href":"https:\/\/a16sa.com\/en\/wp-json\/wp\/v2\/comments?post=9383"}],"version-history":[{"count":21,"href":"https:\/\/a16sa.com\/en\/wp-json\/wp\/v2\/pages\/9383\/revisions"}],"predecessor-version":[{"id":12993,"href":"https:\/\/a16sa.com\/en\/wp-json\/wp\/v2\/pages\/9383\/revisions\/12993"}],"wp:attachment":[{"href":"https:\/\/a16sa.com\/en\/wp-json\/wp\/v2\/media?parent=9383"}],"curies":[{"name":"wp","href":"https:\/\/api.w.org\/{rel}","templated":true}]}}