{"id":420,"date":"2024-09-18T22:59:34","date_gmt":"2024-09-18T22:59:34","guid":{"rendered":"https:\/\/nicotrenta.com\/a16\/?page_id=420"},"modified":"2026-01-11T01:45:00","modified_gmt":"2026-01-11T01:45:00","slug":"civit","status":"publish","type":"page","link":"https:\/\/a16sa.com\/en\/civit\/","title":{"rendered":"Civit"},"content":{"rendered":"<div class=\"wp-block-cover alignfull\" style=\"min-height:583px;aspect-ratio:unset;\"><img loading=\"lazy\" decoding=\"async\" width=\"800\" height=\"533\" class=\"wp-block-cover__image-background wp-image-9347 size-full\" alt=\"\" src=\"https:\/\/a16sa.com\/wp-content\/uploads\/2024\/09\/civit_home.jpng_.jpg\" data-object-fit=\"cover\" srcset=\"https:\/\/a16sa.com\/wp-content\/uploads\/2024\/09\/civit_home.jpng_.jpg 800w, https:\/\/a16sa.com\/wp-content\/uploads\/2024\/09\/civit_home.jpng_-300x200.jpg 300w, https:\/\/a16sa.com\/wp-content\/uploads\/2024\/09\/civit_home.jpng_-768x512.jpg 768w, https:\/\/a16sa.com\/wp-content\/uploads\/2024\/09\/civit_home.jpng_-480x320.jpg 480w, https:\/\/a16sa.com\/wp-content\/uploads\/2024\/09\/civit_home.jpng_-600x400.jpg 600w\" sizes=\"auto, (max-width: 800px) 100vw, 800px\" \/><span aria-hidden=\"true\" class=\"wp-block-cover__background has-contrast-background-color has-background-dim-0 has-background-dim\"><\/span><div class=\"wp-block-cover__inner-container has-global-padding is-layout-constrained wp-block-cover-is-layout-constrained\">\n<p class=\"has-text-align-center has-large-font-size\"><\/p>\n<\/div><\/div>\n\n\n\n<div style=\"background-image:url(&apos;https:\/\/a16sa.local\/wp-content\/uploads\/2024\/09\/protector_malbec_fondo.png&apos;);background-position:50% 0;background-size:auto;\" class=\"wp-block-group alignfull has-accent-6-background-color has-background has-global-padding is-layout-constrained wp-block-group-is-layout-constrained\">\n<div class=\"wp-block-group alignfull has-background has-global-padding is-layout-constrained wp-block-group-is-layout-constrained\" style=\"background-color:#000000b3\">\n<div class=\"wp-block-group has-base-color has-text-color has-link-color wp-elements-513684c02829b508377fda0d8d0eadea has-global-padding is-layout-constrained wp-container-core-group-is-layout-0633c792 wp-block-group-is-layout-constrained\" style=\"padding-top:var(--wp--preset--spacing--50);padding-bottom:var(--wp--preset--spacing--50)\">\n<h2 class=\"wp-block-heading has-accent-1-color has-text-color has-link-color wp-elements-74439d563cb997618b64574802f81498\" style=\"font-size:clamp(2.2rem, 2.2rem + ((1vw - 0.2rem) * 2.571), 4rem);\">A16 Civit<\/h2>\n\n\n\n<div class=\"wp-block-columns is-layout-flex wp-container-core-columns-is-layout-28f84493 wp-block-columns-is-layout-flex\">\n<div class=\"wp-block-column is-layout-flow wp-block-column-is-layout-flow\">\n<p class=\"has-large-font-size\">Located in the heart of Mendoza, just a few steps from the iconic General San Mart\u00edn Park, A16 Civit invites you to discover an authentic winery experience in the city.<\/p>\n<\/div>\n\n\n\n<div class=\"wp-block-column is-layout-flow wp-block-column-is-layout-flow\">\n<p class=\"has-large-font-size\">Our restaurant combines the essence of A16 Winery with vibrant urban energy, creating a space where art, wine and gastronomy merge in every detail.<\/p>\n<\/div>\n<\/div>\n\n\n\n<figure class=\"wp-block-image size-full\"><img loading=\"lazy\" decoding=\"async\" width=\"1120\" height=\"407\" src=\"https:\/\/a16sa.com\/wp-content\/uploads\/2026\/01\/image-97-1.webp\" alt=\"\" class=\"wp-image-13470\" srcset=\"https:\/\/a16sa.com\/wp-content\/uploads\/2026\/01\/image-97-1.webp 1120w, https:\/\/a16sa.com\/wp-content\/uploads\/2026\/01\/image-97-1-300x109.webp 300w, https:\/\/a16sa.com\/wp-content\/uploads\/2026\/01\/image-97-1-1024x372.webp 1024w, https:\/\/a16sa.com\/wp-content\/uploads\/2026\/01\/image-97-1-768x279.webp 768w, https:\/\/a16sa.com\/wp-content\/uploads\/2026\/01\/image-97-1-18x7.webp 18w, https:\/\/a16sa.com\/wp-content\/uploads\/2026\/01\/image-97-1-600x218.webp 600w\" sizes=\"auto, (max-width: 1120px) 100vw, 1120px\" \/><\/figure>\n<\/div>\n<\/div>\n<\/div>\n\n\n\n<div style=\"background-image:url(&apos;https:\/\/a16sa.com\/wp-content\/uploads\/2025\/09\/Fondo-texturado.webp&apos;);background-size:cover;\" class=\"wp-block-group alignfull has-contrast-color has-text-color has-link-color wp-elements-9bae3d2fd3e1b97eee5c96304a65ee4a has-global-padding is-layout-constrained wp-block-group-is-layout-constrained has-background\">\n<div class=\"wp-block-group has-global-padding is-layout-constrained wp-container-core-group-is-layout-92b5eab7 wp-block-group-is-layout-constrained\" style=\"padding-top:var(--wp--preset--spacing--60);padding-bottom:var(--wp--preset--spacing--60)\">\n<div class=\"wp-block-columns is-layout-flex wp-container-core-columns-is-layout-1146dd41 wp-block-columns-is-layout-flex\" style=\"padding-right:0;padding-left:0\">\n<div class=\"wp-block-column is-vertically-aligned-center is-layout-flow wp-container-core-column-is-layout-119bc444 wp-block-column-is-layout-flow\">\n<h2 class=\"wp-block-heading has-contrast-color has-text-color has-link-color has-xx-large-font-size wp-elements-5c8a200d5e76d20741334484f1948318\">Gastronomy<\/h2>\n\n\n\n<p style=\"padding-right:var(--wp--preset--spacing--60)\">Our menu is inspired by traditional Mendoza flavours and delights the most demanding palates. Each dish has been carefully designed to accompany our wines, offering a complete culinary experience, where the authenticity of local ingredients is combined with the creativity of our cuisine.<\/p>\n\n\n\n<div class=\"wp-block-buttons is-layout-flex wp-block-buttons-is-layout-flex\">\n<div class=\"wp-block-button\"><a class=\"wp-block-button__link has-large-font-size has-custom-font-size wp-element-button\" href=\"https:\/\/a16.meitre.com\" style=\"padding-top:var(--wp--preset--spacing--20);padding-right:var(--wp--preset--spacing--40);padding-bottom:var(--wp--preset--spacing--20);padding-left:var(--wp--preset--spacing--40)\">Book<\/a><\/div>\n<\/div>\n<\/div>\n\n\n\n<div class=\"wp-block-column is-layout-flow wp-block-column-is-layout-flow\">\n<figure class=\"wp-block-image size-full has-custom-border\" style=\"margin-right:0\"><img loading=\"lazy\" decoding=\"async\" width=\"985\" height=\"738\" src=\"https:\/\/a16sa.com\/wp-content\/uploads\/2024\/11\/Gastronomia.jpg\" alt=\"\" class=\"wp-image-9709\" style=\"border-radius:20px\" srcset=\"https:\/\/a16sa.com\/wp-content\/uploads\/2024\/11\/Gastronomia.jpg 985w, https:\/\/a16sa.com\/wp-content\/uploads\/2024\/11\/Gastronomia-300x225.jpg 300w, https:\/\/a16sa.com\/wp-content\/uploads\/2024\/11\/Gastronomia-768x575.jpg 768w, https:\/\/a16sa.com\/wp-content\/uploads\/2024\/11\/Gastronomia-510x382.jpg 510w, https:\/\/a16sa.com\/wp-content\/uploads\/2024\/11\/Gastronomia-980x734.jpg 980w, https:\/\/a16sa.com\/wp-content\/uploads\/2024\/11\/Gastronomia-480x360.jpg 480w, https:\/\/a16sa.com\/wp-content\/uploads\/2024\/11\/Gastronomia-600x450.jpg 600w\" sizes=\"auto, (max-width: 985px) 100vw, 985px\" \/><\/figure>\n<\/div>\n<\/div>\n\n\n\n<div class=\"wp-block-group is-layout-grid wp-container-core-group-is-layout-57efce22 wp-block-group-is-layout-grid\">\n<div class=\"wp-block-group is-vertical is-layout-flex wp-container-core-group-is-layout-98bb686d wp-block-group-is-layout-flex\">\n<h3 class=\"wp-block-heading has-x-large-font-size\">Breakfast<\/h3>\n\n\n\n<p><em>Monday to Friday from 8:30am to 12pm.\nSaturdays from 9am to 12pm. Sundays from 10am to 12pm.<\/em><\/p>\n<\/div>\n\n\n\n<div class=\"wp-block-group is-vertical is-layout-flex wp-container-core-group-is-layout-98bb686d wp-block-group-is-layout-flex\">\n<h3 class=\"wp-block-heading has-x-large-font-size\">Business menu<\/h3>\n\n\n\n<p><em>Monday to Friday 12pm to 4pm.<\/em><\/p>\n<\/div>\n\n\n\n<div class=\"wp-block-group is-vertical is-layout-flex wp-container-core-group-is-layout-98bb686d wp-block-group-is-layout-flex\">\n<h3 class=\"wp-block-heading has-x-large-font-size\">A la carte lunch<\/h3>\n\n\n\n<p><em>Monday to Sunday 12pm to 4pm.<\/em><\/p>\n<\/div>\n\n\n\n<div class=\"wp-block-group is-vertical is-layout-flex wp-container-core-group-is-layout-98bb686d wp-block-group-is-layout-flex\">\n<h3 class=\"wp-block-heading has-x-large-font-size\">Dinner<\/h3>\n\n\n\n<p><em>Friday to Saturday 8pm to 11pm.<\/em><\/p>\n<\/div>\n<\/div>\n<\/div>\n<\/div>\n\n\n\n<div class=\"wp-block-group alignfull has-base-color has-contrast-background-color has-text-color has-background has-link-color wp-elements-48e71e94d2840a07f7804429f70d70af has-global-padding is-layout-constrained wp-block-group-is-layout-constrained\">\n<div class=\"wp-block-group has-global-padding is-layout-constrained wp-block-group-is-layout-constrained\" style=\"padding-top:var(--wp--preset--spacing--70);padding-bottom:var(--wp--preset--spacing--70)\">\n<div class=\"wp-block-columns is-layout-flex wp-container-core-columns-is-layout-14cf5ab5 wp-block-columns-is-layout-flex\">\n<div class=\"wp-block-column is-layout-flow wp-block-column-is-layout-flow\">\n<figure class=\"wp-block-image size-full has-custom-border\" style=\"margin-right:0\"><img loading=\"lazy\" decoding=\"async\" width=\"985\" height=\"738\" src=\"https:\/\/a16sa.com\/wp-content\/uploads\/2024\/11\/Degustaciones-y-visita-a-la-cava.jpg\" alt=\"\" class=\"wp-image-9712\" style=\"border-radius:17px\" srcset=\"https:\/\/a16sa.com\/wp-content\/uploads\/2024\/11\/Degustaciones-y-visita-a-la-cava.jpg 985w, https:\/\/a16sa.com\/wp-content\/uploads\/2024\/11\/Degustaciones-y-visita-a-la-cava-300x225.jpg 300w, https:\/\/a16sa.com\/wp-content\/uploads\/2024\/11\/Degustaciones-y-visita-a-la-cava-768x575.jpg 768w, https:\/\/a16sa.com\/wp-content\/uploads\/2024\/11\/Degustaciones-y-visita-a-la-cava-510x382.jpg 510w, https:\/\/a16sa.com\/wp-content\/uploads\/2024\/11\/Degustaciones-y-visita-a-la-cava-980x734.jpg 980w, https:\/\/a16sa.com\/wp-content\/uploads\/2024\/11\/Degustaciones-y-visita-a-la-cava-480x360.jpg 480w, https:\/\/a16sa.com\/wp-content\/uploads\/2024\/11\/Degustaciones-y-visita-a-la-cava-600x450.jpg 600w\" sizes=\"auto, (max-width: 985px) 100vw, 985px\" \/><\/figure>\n<\/div>\n\n\n\n<div class=\"wp-block-column is-vertically-aligned-center is-layout-flow wp-container-core-column-is-layout-119bc444 wp-block-column-is-layout-flow\">\n<h2 class=\"wp-block-heading has-xx-large-font-size\">Tasting and visits<\/h2>\n\n\n\n<p>At A16 Civit we offer you the opportunity to experience our tastings and visit our cellar where Art, passion and the history of A16 come together.<\/p>\n\n\n\n<div class=\"wp-block-buttons is-layout-flex wp-block-buttons-is-layout-flex\">\n<div class=\"wp-block-button\"><a class=\"wp-block-button__link has-large-font-size has-custom-font-size wp-element-button\" href=\"https:\/\/a16civit.meitre.com\/\" style=\"padding-top:var(--wp--preset--spacing--20);padding-right:var(--wp--preset--spacing--40);padding-bottom:var(--wp--preset--spacing--20);padding-left:var(--wp--preset--spacing--40)\">Book<\/a><\/div>\n<\/div>\n<\/div>\n<\/div>\n<\/div>\n<\/div>\n\n\n\n<div style=\"background-image:url(&apos;https:\/\/a16sa.com\/wp-content\/uploads\/2024\/09\/Fondo-texturado.png&apos;);background-size:cover;\" class=\"wp-block-group alignfull has-contrast-color has-text-color has-link-color wp-elements-9cfb8bcb5b8db63ceeb3983d5b9f6948 has-global-padding is-layout-constrained wp-block-group-is-layout-constrained has-background\">\n<div class=\"wp-block-group has-global-padding is-layout-constrained wp-block-group-is-layout-constrained\" style=\"padding-top:var(--wp--preset--spacing--70);padding-bottom:var(--wp--preset--spacing--70)\">\n<div class=\"wp-block-columns is-layout-flex wp-container-core-columns-is-layout-28f84493 wp-block-columns-is-layout-flex\">\n<div class=\"wp-block-column is-vertically-aligned-center is-layout-flow wp-container-core-column-is-layout-f5bb311e wp-block-column-is-layout-flow\">\n<h2 class=\"wp-block-heading has-xx-large-font-size\">Thematic Music Cycles<\/h2>\n\n\n\n<p>Every 15 days, A16 Civit becomes a vibrant stage for our Music Cycles, where melody and wine are the protagonists. From the emotion of tango and folklore to energetic national rock and pop performances, these events are a celebration of art . Enjoy an evening where music accompanies every glass of wine and every bite.<br><\/p>\n\n\n\n<div class=\"wp-block-buttons is-layout-flex wp-block-buttons-is-layout-flex\">\n<div class=\"wp-block-button\"><a class=\"wp-block-button__link has-large-font-size has-custom-font-size wp-element-button\" href=\"https:\/\/a16civit.meitre.com\/\" style=\"padding-top:var(--wp--preset--spacing--20);padding-right:var(--wp--preset--spacing--40);padding-bottom:var(--wp--preset--spacing--20);padding-left:var(--wp--preset--spacing--40)\">Book<\/a><\/div>\n<\/div>\n<\/div>\n\n\n\n<div class=\"wp-block-column is-layout-flow wp-block-column-is-layout-flow\">\n<figure class=\"wp-block-image size-full has-custom-border\" style=\"margin-right:0\"><img loading=\"lazy\" decoding=\"async\" width=\"530\" height=\"445\" src=\"https:\/\/a16sa.com\/wp-content\/uploads\/2024\/11\/Ciclos-de-musica.png\" alt=\"\" class=\"wp-image-9711\" style=\"border-radius:17px\" srcset=\"https:\/\/a16sa.com\/wp-content\/uploads\/2024\/11\/Ciclos-de-musica.png 530w, https:\/\/a16sa.com\/wp-content\/uploads\/2024\/11\/Ciclos-de-musica-300x252.png 300w, https:\/\/a16sa.com\/wp-content\/uploads\/2024\/11\/Ciclos-de-musica-480x403.png 480w\" sizes=\"auto, (max-width: 530px) 100vw, 530px\" \/><\/figure>\n<\/div>\n<\/div>\n<\/div>\n<\/div>","protected":false},"excerpt":{"rendered":"<p>A16 Civit A16 Civit de Bodega A16 es un espacio ubicado en el coraz\u00f3n de la ciudad de Mendoza. Una propuesta donde combinamos degustaci\u00f3n de vinos y una exquisita gastronom\u00eda que se renueva cada temporada aportando distintos sabores y sensaciones. Contamos con distintos espacios y opciones. El restaurante ofrece vino y picoteo; la cava y [&hellip;]<\/p>\n","protected":false},"author":11,"featured_media":0,"parent":0,"menu_order":0,"comment_status":"closed","ping_status":"closed","template":"","meta":{"_wp_convertkit_post_meta":{"form":"-1","landing_page":"0","tag":"0","restrict_content":"0"},"footnotes":""},"class_list":["post-420","page","type-page","status-publish","hentry"],"_links":{"self":[{"href":"https:\/\/a16sa.com\/en\/wp-json\/wp\/v2\/pages\/420","targetHints":{"allow":["GET"]}}],"collection":[{"href":"https:\/\/a16sa.com\/en\/wp-json\/wp\/v2\/pages"}],"about":[{"href":"https:\/\/a16sa.com\/en\/wp-json\/wp\/v2\/types\/page"}],"author":[{"embeddable":true,"href":"https:\/\/a16sa.com\/en\/wp-json\/wp\/v2\/users\/11"}],"replies":[{"embeddable":true,"href":"https:\/\/a16sa.com\/en\/wp-json\/wp\/v2\/comments?post=420"}],"version-history":[{"count":21,"href":"https:\/\/a16sa.com\/en\/wp-json\/wp\/v2\/pages\/420\/revisions"}],"predecessor-version":[{"id":13471,"href":"https:\/\/a16sa.com\/en\/wp-json\/wp\/v2\/pages\/420\/revisions\/13471"}],"wp:attachment":[{"href":"https:\/\/a16sa.com\/en\/wp-json\/wp\/v2\/media?parent=420"}],"curies":[{"name":"wp","href":"https:\/\/api.w.org\/{rel}","templated":true}]}}