{"id":249,"date":"2024-09-12T23:10:12","date_gmt":"2024-09-12T23:10:12","guid":{"rendered":"https:\/\/nicotrenta.com\/a16\/?page_id=249"},"modified":"2026-01-26T15:29:58","modified_gmt":"2026-01-26T15:29:58","slug":"auge-rose","status":"publish","type":"page","link":"https:\/\/a16sa.com\/en\/auge-rose\/","title":{"rendered":"Auge Rose"},"content":{"rendered":"<div class=\"wp-block-group alignfull has-global-padding is-layout-constrained wp-block-group-is-layout-constrained\">\n<div class=\"wp-block-cover alignfull\" style=\"min-height:298px;aspect-ratio:unset;\"><img loading=\"lazy\" decoding=\"async\" width=\"1024\" height=\"861\" class=\"wp-block-cover__image-background wp-image-9885 size-large\" alt=\"\" src=\"https:\/\/a16sa.com\/wp-content\/uploads\/2024\/11\/Auge-rose-1024x861.jpg\" data-object-fit=\"cover\" srcset=\"https:\/\/a16sa.com\/wp-content\/uploads\/2024\/11\/Auge-rose-1024x861.jpg 1024w, https:\/\/a16sa.com\/wp-content\/uploads\/2024\/11\/Auge-rose-300x252.jpg 300w, https:\/\/a16sa.com\/wp-content\/uploads\/2024\/11\/Auge-rose-768x646.jpg 768w, https:\/\/a16sa.com\/wp-content\/uploads\/2024\/11\/Auge-rose-980x824.jpg 980w, https:\/\/a16sa.com\/wp-content\/uploads\/2024\/11\/Auge-rose-480x403.jpg 480w, https:\/\/a16sa.com\/wp-content\/uploads\/2024\/11\/Auge-rose-600x504.jpg 600w, https:\/\/a16sa.com\/wp-content\/uploads\/2024\/11\/Auge-rose.jpg 1079w\" sizes=\"auto, (max-width: 1024px) 100vw, 1024px\" \/><span aria-hidden=\"true\" class=\"wp-block-cover__background has-background-dim-0 has-background-dim\" style=\"background-color:#5a3e30\"><\/span><div class=\"wp-block-cover__inner-container is-layout-flow wp-block-cover-is-layout-flow\">\n<p class=\"has-text-align-center has-large-font-size\"><\/p>\n<\/div><\/div>\n<\/div>\n\n\n\n<div style=\"background-image:url(&apos;https:\/\/a16sa.com\/wp-content\/uploads\/2024\/09\/Fondo-texturado-1.png&apos;);background-size:cover;\" class=\"wp-block-group alignfull has-global-padding is-layout-constrained wp-block-group-is-layout-constrained has-background\">\n<div style=\"background-image:url(&apos;https:\/\/a16sa.com\/wp-content\/uploads\/2024\/09\/augeLogoTraslucido.png&apos;);background-position:48% 24%;background-repeat:no-repeat;background-size:auto;background-attachment:scroll;\" class=\"wp-block-group alignfull has-global-padding is-layout-constrained wp-block-group-is-layout-constrained has-background\">\n<div class=\"wp-block-group has-global-padding is-content-justification-center is-layout-constrained wp-container-core-group-is-layout-e55357df wp-block-group-is-layout-constrained\" style=\"padding-top:var(--wp--preset--spacing--60);padding-bottom:var(--wp--preset--spacing--60)\">\n<figure class=\"wp-block-image aligncenter size-full\"><img loading=\"lazy\" decoding=\"async\" width=\"424\" height=\"118\" src=\"https:\/\/a16sa.com\/wp-content\/uploads\/2024\/09\/augeLogo.png\" alt=\"\" class=\"wp-image-228\" srcset=\"https:\/\/a16sa.com\/wp-content\/uploads\/2024\/09\/augeLogo.png 424w, https:\/\/a16sa.com\/wp-content\/uploads\/2024\/09\/augeLogo-300x83.png 300w\" sizes=\"auto, (max-width: 424px) 100vw, 424px\" \/><\/figure>\n\n\n\n<h4 class=\"wp-block-heading has-text-align-center has-text-color has-link-color wp-elements-d9e0e633d2095bf306fcc3b0de8446bc\" style=\"color:#cc9933;letter-spacing:6px;text-transform:uppercase\">MALBEC ROS\u00c9<\/h4>\n\n\n\n<h2 class=\"wp-block-heading has-text-align-center has-accent-1-color has-text-color has-link-color wp-elements-9f008a42f358ca3513f03bf93b463b63\">Tasting Notes<\/h2>\n\n\n\n<p class=\"has-text-align-center\">Its pinkish hue blends into salmon-coloured wine. A fruity and fresh explosion on the nose highlights the aroma such as peach, apple and delicate notes of roses. Its delicious sweet entry in the mouth combines perfectly with the acidity. It has a fruity and persistent finish.<\/p>\n\n\n\n\n\n<figure class=\"wp-block-image size-full\"><img loading=\"lazy\" decoding=\"async\" width=\"1144\" height=\"486\" src=\"https:\/\/a16sa.com\/wp-content\/uploads\/2024\/09\/galeriaAugeRose.png\" alt=\"\" class=\"wp-image-230\" srcset=\"https:\/\/a16sa.com\/wp-content\/uploads\/2024\/09\/galeriaAugeRose.png 1144w, https:\/\/a16sa.com\/wp-content\/uploads\/2024\/09\/galeriaAugeRose-300x127.png 300w, https:\/\/a16sa.com\/wp-content\/uploads\/2024\/09\/galeriaAugeRose-1024x435.png 1024w, https:\/\/a16sa.com\/wp-content\/uploads\/2024\/09\/galeriaAugeRose-768x326.png 768w, https:\/\/a16sa.com\/wp-content\/uploads\/2024\/09\/galeriaAugeRose-1080x459.png 1080w, https:\/\/a16sa.com\/wp-content\/uploads\/2024\/09\/galeriaAugeRose-980x416.png 980w, https:\/\/a16sa.com\/wp-content\/uploads\/2024\/09\/galeriaAugeRose-480x204.png 480w, https:\/\/a16sa.com\/wp-content\/uploads\/2024\/09\/galeriaAugeRose-600x255.png 600w\" sizes=\"auto, (max-width: 1144px) 100vw, 1144px\" \/><\/figure>\n<\/div>\n<\/div>\n<\/div>\n\n\n\n<div class=\"wp-block-group alignfull has-global-padding is-layout-constrained wp-block-group-is-layout-constrained\">\n<div class=\"wp-block-group alignfull has-global-padding is-layout-constrained wp-block-group-is-layout-constrained has-background\" style=\"padding-top:var(--wp--preset--spacing--60);padding-bottom:var(--wp--preset--spacing--60);background-image:url(&apos;https:\/\/a16sa.com\/wp-content\/uploads\/2024\/09\/augeFondo.png&apos;);background-position:49% 56.00000000000001%;background-repeat:no-repeat;background-size:auto;background-attachment:scroll;\">\n<figure class=\"wp-block-image size-full\"><img loading=\"lazy\" decoding=\"async\" width=\"1419\" height=\"777\" src=\"https:\/\/a16sa.com\/wp-content\/uploads\/2024\/09\/descripcionAugeRose.png\" alt=\"\" class=\"wp-image-233\" srcset=\"https:\/\/a16sa.com\/wp-content\/uploads\/2024\/09\/descripcionAugeRose.png 1419w, https:\/\/a16sa.com\/wp-content\/uploads\/2024\/09\/descripcionAugeRose-300x164.png 300w, https:\/\/a16sa.com\/wp-content\/uploads\/2024\/09\/descripcionAugeRose-1024x561.png 1024w, https:\/\/a16sa.com\/wp-content\/uploads\/2024\/09\/descripcionAugeRose-768x421.png 768w, https:\/\/a16sa.com\/wp-content\/uploads\/2024\/09\/descripcionAugeRose-1080x591.png 1080w, https:\/\/a16sa.com\/wp-content\/uploads\/2024\/09\/descripcionAugeRose-1280x701.png 1280w, https:\/\/a16sa.com\/wp-content\/uploads\/2024\/09\/descripcionAugeRose-980x537.png 980w, https:\/\/a16sa.com\/wp-content\/uploads\/2024\/09\/descripcionAugeRose-480x263.png 480w, https:\/\/a16sa.com\/wp-content\/uploads\/2024\/09\/descripcionAugeRose-600x329.png 600w\" sizes=\"auto, (max-width: 1419px) 100vw, 1419px\" \/><\/figure>\n<\/div>\n<\/div>","protected":false},"excerpt":{"rendered":"<p>MALBEC ROS\u00c9 Nota en cata Su tono rosado se funde en destellos color salm\u00f3n. Una explosi\u00f3n frutal y fresca en nariz resalta el aroma a durazno blanco, manzana y delicadas notas de rosas. Su deliciosa entrada dulce en boca se combina a la perfecci\u00f3n con la acidez que presenta, para m\u00e1s tarde tener un final [&hellip;]<\/p>\n","protected":false},"author":11,"featured_media":0,"parent":0,"menu_order":0,"comment_status":"closed","ping_status":"closed","template":"","meta":{"_wp_convertkit_post_meta":{"form":"-1","landing_page":"0","tag":"0","restrict_content":"0"},"footnotes":""},"class_list":["post-249","page","type-page","status-publish","hentry"],"_links":{"self":[{"href":"https:\/\/a16sa.com\/en\/wp-json\/wp\/v2\/pages\/249","targetHints":{"allow":["GET"]}}],"collection":[{"href":"https:\/\/a16sa.com\/en\/wp-json\/wp\/v2\/pages"}],"about":[{"href":"https:\/\/a16sa.com\/en\/wp-json\/wp\/v2\/types\/page"}],"author":[{"embeddable":true,"href":"https:\/\/a16sa.com\/en\/wp-json\/wp\/v2\/users\/11"}],"replies":[{"embeddable":true,"href":"https:\/\/a16sa.com\/en\/wp-json\/wp\/v2\/comments?post=249"}],"version-history":[{"count":5,"href":"https:\/\/a16sa.com\/en\/wp-json\/wp\/v2\/pages\/249\/revisions"}],"predecessor-version":[{"id":13546,"href":"https:\/\/a16sa.com\/en\/wp-json\/wp\/v2\/pages\/249\/revisions\/13546"}],"wp:attachment":[{"href":"https:\/\/a16sa.com\/en\/wp-json\/wp\/v2\/media?parent=249"}],"curies":[{"name":"wp","href":"https:\/\/api.w.org\/{rel}","templated":true}]}}