{"id":10382,"date":"2025-06-09T00:56:54","date_gmt":"2025-06-09T00:56:54","guid":{"rendered":"https:\/\/a16sa.com\/?page_id=10382"},"modified":"2026-04-02T16:50:27","modified_gmt":"2026-04-02T16:50:27","slug":"tarifario","status":"publish","type":"page","link":"https:\/\/a16sa.com\/en\/tarifario\/","title":{"rendered":"Pricing"},"content":{"rendered":"<div class=\"wp-block-group alignfull has-global-padding is-layout-constrained wp-block-group-is-layout-constrained\" style=\"padding-top:var(--wp--preset--spacing--50);padding-bottom:var(--wp--preset--spacing--50)\">\n<div class=\"wp-block-group has-global-padding is-layout-constrained wp-container-core-group-is-layout-a79dcde4 wp-block-group-is-layout-constrained\">\n<figure class=\"wp-block-image aligncenter size-large is-resized\"><img loading=\"lazy\" decoding=\"async\" width=\"1024\" height=\"866\" src=\"https:\/\/a16sa.com\/wp-content\/uploads\/2022\/06\/Logo-A16-naranja-1-1024x866.png\" alt=\"Logo de A16\" class=\"wp-image-7520\" style=\"width:258px;height:auto\" srcset=\"\" sizes=\"auto, (max-width: 1024px) 100vw, 1024px\" data-srcset=\"\" \/><\/figure>\n\n\n\n<div class=\"wp-block-group has-global-padding is-layout-constrained wp-container-core-group-is-layout-e0082cf6 wp-block-group-is-layout-constrained\">\n<h1 class=\"wp-block-heading has-xx-large-font-size\">Pricing<\/h1>\n<\/div>\n\n\n\n<div class=\"wp-block-group has-accent-5-background-color has-background has-global-padding is-layout-constrained wp-container-core-group-is-layout-348d4f5b wp-block-group-is-layout-constrained\" style=\"border-radius:12px;padding-top:var(--wp--preset--spacing--30);padding-right:var(--wp--preset--spacing--30);padding-bottom:var(--wp--preset--spacing--30);padding-left:var(--wp--preset--spacing--30)\">\n<h3 class=\"wp-block-heading\">Agencies<\/h3>\n\n\n\n<p class=\"has-medium-font-size\">Regarding the published prices, the agreement with agencies and\/or hotels is <strong>15% commission on the listed price.<\/strong><\/p>\n<\/div>\n\n\n\n<div class=\"wp-block-group has-global-padding is-layout-constrained wp-container-core-group-is-layout-e7a8db7c wp-block-group-is-layout-constrained\" style=\"margin-top:0;margin-bottom:0\">\n<h2 class=\"wp-block-heading has-x-large-font-size\" style=\"padding-top:var(--wp--preset--spacing--70);padding-bottom:0\">A16 Civit<\/h2>\n\n\n\n<div class=\"wp-block-group has-global-padding is-layout-constrained wp-block-group-is-layout-constrained\">\n<p class=\"has-large-font-size\">757 Emilio Civit Avenue, Mendoza city<\/p>\n\n\n\n<p class=\"has-accent-1-color has-text-color has-link-color wp-elements-06f16e63c995250074f1ccba75a8cc00\"><a href=\"https:\/\/maps.app.goo.gl\/4LbZ8k6MVT4v2kcc9\" target=\"_blank\" rel=\"noreferrer noopener\">See location on map<\/a><\/p>\n<\/div>\n\n\n\n<div class=\"wp-block-buttons is-layout-flex wp-block-buttons-is-layout-flex\">\n<div class=\"wp-block-button\"><a class=\"wp-block-button__link has-accent-3-color has-contrast-background-color has-text-color has-background has-link-color wp-element-button\" href=\"https:\/\/a16sa.com\/en\/carta-a16-civit\/\">See menu<\/a><\/div>\n\n\n\n<div class=\"wp-block-button\"><a class=\"wp-block-button__link wp-element-button\" href=\"https:\/\/wa.me\/5492612019937?text=Hola,%20quiero%20hacer%20una%20reserva%20en%20A16%20Civit%20como%20agencia\">Book<\/a><\/div>\n<\/div>\n<\/div>\n\n\n\n<div class=\"wp-block-group has-global-padding is-layout-constrained wp-container-core-group-is-layout-92b9201d wp-block-group-is-layout-constrained\">\n<h2 class=\"wp-block-heading has-x-large-font-size\">A16 Winery<\/h2>\n\n\n\n<div class=\"wp-block-group has-global-padding is-layout-constrained wp-block-group-is-layout-constrained\">\n<p>Cobos, Luj\u00e1n de Cuyo, Mendoza<\/p>\n\n\n\n<p class=\"has-accent-1-color has-text-color has-link-color wp-elements-f07ee3bc798bd8463e362f2d5c352b07\"><a href=\"https:\/\/maps.app.goo.gl\/vCB6STjsnuZZ63vp6\">See location on map<\/a><\/p>\n<\/div>\n\n\n\n<div class=\"wp-block-buttons is-layout-flex wp-block-buttons-is-layout-flex\">\n<div class=\"wp-block-button\"><a class=\"wp-block-button__link has-accent-3-color has-contrast-background-color has-text-color has-background has-link-color wp-element-button\" href=\"https:\/\/a16sa.com\/en\/carta-a16-bodega\/\">See menu<\/a><\/div>\n<\/div>\n\n\n\n<div class=\"wp-block-buttons is-layout-flex wp-block-buttons-is-layout-flex\">\n<div class=\"wp-block-button\"><a class=\"wp-block-button__link wp-element-button\" href=\"https:\/\/wa.me\/5492612019937?text=Hi,%20I%20want%20to%20make%20a%20reservation%20to%20Sunset%20Punto.Ar%20as%20an%20agency\">Book Sunset Punto.Ar<\/a><\/div>\n\n\n\n<div class=\"wp-block-button\"><a class=\"wp-block-button__link wp-element-button\" href=\"https:\/\/wa.me\/5492612019937?text=Hola,%20quiero%20hacer%20una%20reserva%20para%20Visita%20con%20degustaci\u00f3n%20como%20agencia\">Book tasting with tour<\/a><\/div>\n<\/div>\n<\/div>\n<\/div>\n<\/div>","protected":false},"excerpt":{"rendered":"<p>Tarifario Agencias Sobre los precios publicados, el convenio con agencias y\/o hoteles es del 15% de comisi\u00f3n sobre el precio publicado. A16 Civit Av. Emilio Civit 757, Ciudad de Mendoza Ver ubicaci\u00f3n en mapa Bodega A16 Cobos, Luj\u00e1n de Cuyo, Mendoza Ver ubicaci\u00f3n en mapa<\/p>","protected":false},"author":12,"featured_media":0,"parent":0,"menu_order":0,"comment_status":"closed","ping_status":"closed","template":"wp-custom-template-p-gina-en-blanco","meta":{"footnotes":""},"class_list":["post-10382","page","type-page","status-publish","hentry"],"_links":{"self":[{"href":"https:\/\/a16sa.com\/en\/wp-json\/wp\/v2\/pages\/10382","targetHints":{"allow":["GET"]}}],"collection":[{"href":"https:\/\/a16sa.com\/en\/wp-json\/wp\/v2\/pages"}],"about":[{"href":"https:\/\/a16sa.com\/en\/wp-json\/wp\/v2\/types\/page"}],"author":[{"embeddable":true,"href":"https:\/\/a16sa.com\/en\/wp-json\/wp\/v2\/users\/12"}],"replies":[{"embeddable":true,"href":"https:\/\/a16sa.com\/en\/wp-json\/wp\/v2\/comments?post=10382"}],"version-history":[{"count":61,"href":"https:\/\/a16sa.com\/en\/wp-json\/wp\/v2\/pages\/10382\/revisions"}],"predecessor-version":[{"id":13676,"href":"https:\/\/a16sa.com\/en\/wp-json\/wp\/v2\/pages\/10382\/revisions\/13676"}],"wp:attachment":[{"href":"https:\/\/a16sa.com\/en\/wp-json\/wp\/v2\/media?parent=10382"}],"curies":[{"name":"wp","href":"https:\/\/api.w.org\/{rel}","templated":true}]}}